
{"id":1593,"date":"2015-08-29T04:44:00","date_gmt":"2015-08-29T04:44:00","guid":{"rendered":"http:\/\/demowp.cththemes.net\/gatherv2\/?page_id=1593"},"modified":"2020-10-20T21:47:02","modified_gmt":"2020-10-20T21:47:02","slug":"home-content-slider","status":"publish","type":"page","link":"https:\/\/2019.jornadastributarias.es\/","title":{"rendered":"Home &#8211; Content Slider"},"content":{"rendered":"<section class=\"wpb-content-wrapper\"><p>[vc_row cth_layout=\u00bbgather_header\u00bb el_id=\u00bbtop\u00bb css=\u00bb.vc_custom_1569495203456{background-image: url(https:\/\/2019.jornadastributarias.es\/wp-content\/uploads\/2019\/09\/OceMail2.jpg?id=4428) !important;}\u00bb el_class=\u00bbslider-bg\u00bb][vc_column css=\u00bb.vc_custom_1440860177369{padding-top: 100px !important;padding-bottom: 40px !important;}\u00bb][cth_flexslider animation=\u00bbslide\u00bb][cth_flexslider_item]<\/p>\n<h1 class=\"headline wow fadeInDown\" data-wow-delay=\"0.1s\">JORNADAS NACIONALES DEL REAF<\/h1>\n<h3>La Asesor\u00eda Fiscal ante los desaf\u00edos internos e internacionales<\/h3>\n<div class=\"when_where wow fadeIn\" data-wow-delay=\"0.4s\">\n<p class=\"event_when\">Auditorio del Oceanografic (Carrer d\u00c9duardo Primo Y\u00fafera, 1B, Ciudad de las Artes y las Ciencias)<\/p>\n<p class=\"event_when\">21 y 22 de noviembre de 2019<\/p>\n<\/div>\n<p>[\/cth_flexslider_item][\/cth_flexslider][\/vc_column][\/vc_row][vc_row cth_layout=\u00bbgather_sec\u00bb el_id=\u00bbschedule\u00bb][vc_column][vc_column_text][vc_column]<\/p>\n<p>Los pr\u00f3ximos d\u00edas <strong>21 y 22 de noviembre de 2019, en Valencia<\/strong>, en el Auditorio del Oceanografic (Carrer d\u00c9duardo Primo Y\u00fafera, 1B, Ciudad de las Artes y las Ciencias), celebraremos las Jornadas Nacionales del REAF.<\/p>\n<p>Como todos los a\u00f1os, aunque esta vez organizadas conjuntamente con el Colegio de Economistas de Valencia, pretendemos que las Jornadas Nacionales sean el punto de reuni\u00f3n, de aprendizaje y reflexi\u00f3n de los economistas expertos en fiscal y de los asesores fiscales en general.<\/p>\n<p>Intentamos combinar temas t\u00e9cnicos con otros de utilidad para el funcionamiento de los despachos y con aspectos estrat\u00e9gicos para los profesionales dedicados a esta actividad.<\/p>\n<p>Las horas de dedicaci\u00f3n a los temas profesionales se complementan con un medido programa de actividades de ocio para todos los que quieran aprovechar su estancia en esta atractiva ciudad.<\/p>\n<h3 style=\"text-align: center;\">PROGRAMA<\/h3>\n<p>[\/vc_column_text][cth_schedules][\/vc_column][\/vc_row][vc_row cth_layout=\u00bbgather_sec\u00bb][vc_column][vc_column_text]<\/p>\n<h5 style=\"text-align: center;\">Descarga el avance del programa <a href=\"https:\/\/jornadastributarias.es\/wp-content\/uploads\/2019\/11\/JN-2019-AvancePrograma-(14.11).pdf\">aqu\u00ed<\/a><\/h5>\n<h5 style=\"text-align: center;\">Descarga el programa social <a href=\"https:\/\/jornadastributarias.es\/wp-content\/uploads\/2019\/10\/Propuesta%20COLEGIO%20ECONOMISTAS%20-%20PROGRAMA%20SOCIAL%20-%20V.5.pdf\">aqu\u00ed<\/a><\/h5>\n<p>[\/vc_column_text][vc_column_text]<\/p>\n<h3 style=\"text-align: center;\">HORAS HOMOLOGADAS<\/h3>\n<h5 style=\"text-align: center;\">Formaci\u00f3n continuada de auditores<\/h5>\n<p style=\"text-align: center;\">1 hora en \u00abAudiotor\u00eda\u00bb + 4 horas en \u00abOtras materias\u00bb<\/p>\n<h5 style=\"text-align: center;\">Formaci\u00f3n REC]<\/h5>\n<p style=\"text-align: center;\">5 horas<\/p>\n<p>[\/vc_column_text][vc_column_text]<\/p>\n<h3 style=\"text-align: center;\">PRECIOS<\/h3>\n<h5 style=\"text-align: center;\">Miembros del REAF: 180\u20ac<\/h5>\n<h5 style=\"text-align: center;\">Colegiados de Valencia:180\u20ac<\/h5>\n<h5 style=\"text-align: center;\">Colegiados: 200\u20ac<\/h5>\n<h5 style=\"text-align: center;\">Resto de asistentes: 250\u20ac<\/h5>\n<p style=\"text-align: center;\">Incluidos los caf\u00e9s y la entrada al Oceanografic durante los dos d\u00edas<\/p>\n<p>[\/vc_column_text][\/vc_column][\/vc_row][vc_row cth_layout=\u00bbgather_sec\u00bb el_id=\u00bbpricing\u00bb][vc_column][\/vc_column][vc_column_text]<\/p>\n<h3 style=\"text-align: center;\">INSCRIPCI\u00d3N<\/h3>\n<p>[\/vc_column_text][vc_column_text][\/vc_column_text][\/vc_row][vc_row cth_layout=\u00bbgather_sec\u00bb el_id=\u00bbinscripcion\u00bb][vc_column][vc_column_text]<\/p>\n<h5 style=\"text-align: center;\">Ap\u00fantate al programa t\u00e9cnico <a href=\"https:\/\/e-conocimiento.org\/gestion\/login.asp?hidIdCurso=3511\">aqu\u00ed<\/a><\/h5>\n<h5 style=\"text-align: center;\">Bolet\u00edn de alojamiento y programa social <a href=\"https:\/\/jornadastributarias.es\/wp-content\/uploads\/2019\/10\/BOLETIN%20ALOJAMIENTO%20V.2_EDIT2.pdf\">aqu\u00ed<\/a><\/h5>\n<p>[\/vc_column_text][\/vc_column][\/vc_row][vc_row cth_layout=\u00bbgather_sec\u00bb el_id=\u00bbsponsors\u00bb][vc_column][vc_column_text]<\/p>\n<h3 style=\"text-align: center;\">PATROCINADORES<\/h3>\n<p>[\/vc_column_text][\/vc_column][\/vc_row][vc_row cth_layout=\u00bbgather_sec\u00bb][vc_column][vc_single_image source=\u00bbexternal_link\u00bb external_img_size=\u00bb100&#8217;0x491&#8243; custom_src=\u00bbhttps:\/\/2019.jornadastributarias.es\/wp-content\/uploads\/2019\/11\/PatrocinadoresJN-03.jpg\u00bb][\/vc_column][\/vc_row][vc_row cth_layout=\u00bbgather_sec\u00bb][vc_column][vc_column_text]<\/p>\n<h3 style=\"text-align: center;\">ORGANIZA<\/h3>\n<p>[\/vc_column_text][\/vc_column][\/vc_row][vc_row cth_layout=\u00bbgather_sec\u00bb][vc_column width=\u00bb1\/2&#8243;][vc_single_image image=\u00bb4405&#8243; img_size=\u00bb500X168&#8243;][\/vc_column][vc_column width=\u00bb1\/2&#8243;][vc_single_image image=\u00bb4441&#8243; img_size=\u00bb406&#215;110&#8243;][\/vc_column][\/vc_row][vc_row cth_layout=\u00bbgather_sec\u00bb css=\u00bb.vc_custom_1529484855826{padding-top: 30px !important;padding-bottom: 30px !important;background-color: #f1f1f1 !important;}\u00bb el_id=\u00bbcomoir\u00bb][vc_column width=\u00bb1\/2&#8243;][vc_column_text]<\/p>\n<div class=\"contact-box\">\n<p><img decoding=\"async\" loading=\"lazy\" class=\"alignnone size-full wp-image-1293 wow zoomIn\" src=\"http:\/\/2018.jornadastributarias.es\/wp-content\/uploads\/2015\/05\/location-icon.png\" alt=\"location-icon\" width=\"128\" height=\"128\" \/><\/p>\n<h5>DIRECCI\u00d3N<\/h5>\n<p class=\"no-rep\">Auditorio del Oceanografic,<\/p>\n<p class=\"no-rep\">(Carrer d\u00c9duardo Primo Y\u00fafera, 1B, Ciudad de las Artes y las Ciencias),<\/p>\n<p>46013 Valencia<\/p><\/div>\n<p>[\/vc_column_text][\/vc_column][vc_column width=\u00bb1\/2&#8243;][vc_column_text]<\/p>\n<div class=\"contact-box\">\n<p><img decoding=\"async\" loading=\"lazy\" class=\"alignnone size-full wp-image-1292 wow zoomIn\" src=\"https:\/\/www.auditmeeting.es\/wp-content\/uploads\/2015\/05\/email-icon.png\" alt=\"email-icon\" width=\"128\" height=\"128\" data-wow-delay=\"0.3s\" \/><\/p>\n<h5>CONTACTO<\/h5>\n<p class=\"no-rep\"><a href=\"mailto:reaf@reaf.es\">reaf@reaf.es<\/a><\/p>\n<p>91 432 26 70<\/p>\n<p><span style=\"font-color: white;\">REAF Asesores Fiscales<br \/>\n<\/span><\/div>\n<p>[\/vc_column_text][\/vc_column][\/vc_row][vc_row full_width=\u00bbstretch_row\u00bb cth_layout=\u00bbgather_sec\u00bb][vc_column css=\u00bb.vc_custom_1439047012296{padding-right: 0px !important;padding-left: 0px !important;}\u00bb][vc_column_text]<\/p>\n<h3 style=\"text-align: center;\">COMO IR<\/h3>\n<p>[\/vc_column_text][vc_gmaps link=\u00bb#E-8_JTNDaWZyYW1lJTIwc3JjJTNEJTIyaHR0cHMlM0ElMkYlMkZ3d3cuZ29vZ2xlLmNvbSUyRm1hcHMlMkZlbWJlZCUzRnBiJTNEJTIxMW0xOCUyMTFtMTIlMjExbTMlMjExZDMwODAuNzIwMTI3OTU1ODI5NCUyMTJkLTAuMzQ5MzA2OTg0NzE2MjIwODUlMjEzZDM5LjQ1MzA1NzI3OTQ4ODgzJTIxMm0zJTIxMWYwJTIxMmYwJTIxM2YwJTIxM20yJTIxMWkxMDI0JTIxMmk3NjglMjE0ZjEzLjElMjEzbTMlMjExbTIlMjExczB4ZDYwNDhlNTFhMzEyNjhiJTI1M0EweDI4ZTQ2Y2I3OTA3YWUxOWIlMjEyc09jZWFub2dyJTI1QzMlMjVBMGZpYyUyNTIwVmFsJTI1QzMlMjVBOG5jaWElMjE1ZTAlMjEzbTIlMjExc2VzJTIxMnNlcyUyMTR2MTU2OTQ5NjU4NzQ1MSUyMTVtMiUyMTFzZXMlMjEyc2VzJTIyJTIwd2lkdGglM0QlMjI2MDAlMjIlMjBoZWlnaHQlM0QlMjI0NTAlMjIlMjBmcmFtZWJvcmRlciUzRCUyMjAlMjIlMjBzdHlsZSUzRCUyMmJvcmRlciUzQTAlM0IlMjIlMjBhbGxvd2Z1bGxzY3JlZW4lM0QlMjIlMjIlM0UlM0MlMkZpZnJhbWUlM0U=\u00bb][\/vc_column][\/vc_row][vc_row][vc_column][\/vc_column][\/vc_row]<\/p>\n<\/section>","protected":false},"excerpt":{"rendered":"<p>[vc_row cth_layout=\u00bbgather_header\u00bb el_id=\u00bbtop\u00bb css=\u00bb.vc_custom_1569495203456{background-image: url(https:\/\/2019.jornadastributarias.es\/wp-content\/uploads\/2019\/09\/OceMail2.jpg?id=4428) !important;}\u00bb el_class=\u00bbslider-bg\u00bb][vc_column css=\u00bb.vc_custom_1440860177369{padding-top: 100px !important;padding-bottom: 40px !important;}\u00bb][cth_flexslider animation=\u00bbslide\u00bb][cth_flexslider_item] JORNADAS NACIONALES DEL REAF La Asesor\u00eda Fiscal ante los desaf\u00edos internos e internacionales Auditorio del Oceanografic (Carrer d\u00c9duardo Primo Y\u00fafera, 1B, Ciudad de las Artes y las Ciencias) 21 y 22 de noviembre de 2019 [\/cth_flexslider_item][\/cth_flexslider][\/vc_column][\/vc_row][vc_row cth_layout=\u00bbgather_sec\u00bb el_id=\u00bbschedule\u00bb][vc_column][vc_column_text][vc_column] Los pr\u00f3ximos d\u00edas 21&#8230;<\/p>\n","protected":false},"author":1,"featured_media":0,"parent":0,"menu_order":0,"comment_status":"closed","ping_status":"closed","template":"homepage-onepage.php","meta":{"ngg_post_thumbnail":0,"footnotes":""},"_links":{"self":[{"href":"https:\/\/2019.jornadastributarias.es\/index.php\/wp-json\/wp\/v2\/pages\/1593"}],"collection":[{"href":"https:\/\/2019.jornadastributarias.es\/index.php\/wp-json\/wp\/v2\/pages"}],"about":[{"href":"https:\/\/2019.jornadastributarias.es\/index.php\/wp-json\/wp\/v2\/types\/page"}],"author":[{"embeddable":true,"href":"https:\/\/2019.jornadastributarias.es\/index.php\/wp-json\/wp\/v2\/users\/1"}],"replies":[{"embeddable":true,"href":"https:\/\/2019.jornadastributarias.es\/index.php\/wp-json\/wp\/v2\/comments?post=1593"}],"version-history":[{"count":2,"href":"https:\/\/2019.jornadastributarias.es\/index.php\/wp-json\/wp\/v2\/pages\/1593\/revisions"}],"predecessor-version":[{"id":4483,"href":"https:\/\/2019.jornadastributarias.es\/index.php\/wp-json\/wp\/v2\/pages\/1593\/revisions\/4483"}],"wp:attachment":[{"href":"https:\/\/2019.jornadastributarias.es\/index.php\/wp-json\/wp\/v2\/media?parent=1593"}],"curies":[{"name":"wp","href":"https:\/\/api.w.org\/{rel}","templated":true}]}}