
{"id":4351,"date":"2018-01-03T09:30:29","date_gmt":"2018-01-03T09:30:29","guid":{"rendered":"https:\/\/jornadastributarias.es\/?page_id=4104"},"modified":"2024-03-13T07:26:07","modified_gmt":"2024-03-13T07:26:07","slug":"ponencias-2","status":"publish","type":"page","link":"https:\/\/2019.jornadastributarias.es\/index.php\/ponencias-2\/","title":{"rendered":"Ponencias"},"content":{"rendered":"<section class=\"wpb-content-wrapper\"><p>[vc_row][vc_column][vc_column_text]<\/p>\n<h3>Ponencias del d\u00eda 21 de noviembre<\/h3>\n<p>SESI\u00d3N GENERAL<\/p>\n<p>Aspectos cr\u00edticos en la tributaci\u00f3n de la empresa familiar. Para ver la ponencia pincha <a href=\"https:\/\/2019.jornadastributarias.es\/ponencias\/SONIA_DIAZ_ESPANOL.pdf\">aqu\u00ed<\/a><\/p>\n<p>SESI\u00d3N GENERAL 2<\/p>\n<p>Fiscalidad del arrendamiento vacacional: especial referencia a las plataformas de intermediaci\u00f3n. Para ver la ponencia pincha <a href=\"https:\/\/2019.jornadastributarias.es\/ponencias\/VICENTE%20ARBONA%20MAS.pdf\">aqu\u00ed<\/a><\/p>\n<p>SESI\u00d3N GENERAL 3<\/p>\n<p>Incidencia fiscal de las \u00faltimas normas contables publicadas y proyectadas: Resoluci\u00f3n del ICAC sobre instrumentos financieros y reforma del PGC. Para ver la ponencia pinche <a href=\"https:\/\/2019.jornadastributarias.es\/ponencias\/ENRIQUE%20ORTEGA%20CARBALLO.pdf\">aqu\u00ed<\/a><\/p>\n<p>SESI\u00d3N GENERAL 4<\/p>\n<p>Transposici\u00f3n de la DAC 6. Para ver la ponencia pinche <a href=\"https:\/\/2019.jornadastributarias.es\/ponencias\/JESUS%20QUINTAS%20BERMUDEZ.pdf\">aqu\u00ed<\/a><\/p>\n<p>SESI\u00d3N GENERAL 5<\/p>\n<p>Nuevos retos del asesor fiscal ante la digitalizaci\u00f3n de las Agencias tributarias y el cliente. Para ver la ponencia pinche <a href=\"https:\/\/2019.jornadastributarias.es\/ponencias\/JORGE%20PASCUAL%20SANCHO.pdf\">aqu\u00ed<\/a><\/p>\n<p>SESI\u00d3N GENERAL 6<\/p>\n<p>Los cambios que se producir\u00e1n en el IVA: especial referencia al r\u00e9gimen definitivo de las operaciones intracomunitarias. Para ver la ponencia pinche <a href=\"https:\/\/2019.jornadastributarias.es\/ponencias\/RICARDO%20ALVAREZ%20ARROYO.pdf\">aqu\u00ed<\/a><\/p>\n<p>SESI\u00d3N GENERAL 7<br \/>\nRevisi\u00f3n t\u00e9cnica del IRPF y retos futuros a abordar. Para ver la ponencia pinche <a href=\"https:\/\/2019.jornadastributarias.es\/ponencias\/MANUEL%20DE%20MIGUEL%20-%20BERNARDO%20VIDAL.pdf\">aqu\u00ed<\/a><\/p>\n<h3>Ponencias del d\u00eda 22 de noviembre<\/h3>\n<p>SESI\u00d3N GENERAL 10<\/p>\n<p>C\u00f3digos de Buenas Pr\u00e1cticas Profesionales. Para ver la ponencia pinche <a href=\"https:\/\/2019.jornadastributarias.es\/ponencias\/JAUME%20MENENDEZ%20FERNANDEZ.pdf\">aqu\u00ed<\/a><\/p>\n<p>SESI\u00d3N GENERAL 11<\/p>\n<p>Novedades en Fiscalidad Internacional: el nuevo convenio de<br \/>\nEEUU y la Digitalizaci\u00f3n de la Econom\u00eda en el marco de las<br \/>\nrecomendaciones de la OCDE. Para ver la ponencia pinche <a href=\"https:\/\/2019.jornadastributarias.es\/ponencias\/GERARDO%20PEREZ%20RODILLA.pdf\">aqu\u00ed<\/a><\/p>\n<p>SESI\u00d3N GENERAL 12<\/p>\n<p>Comprobaci\u00f3n de BIN \u0301s y deducciones en el Impuesto sobre Sociedades y r\u00e9gimen sancionador aplicable. Para ver la ponencia pinche <a href=\"https:\/\/2019.jornadastributarias.es\/ponencias\/IGNACIO%20UCELAY%20SANZ.pdf\">aqu\u00ed<\/a>[\/vc_column_text][\/vc_column][\/vc_row]<\/p>\n<\/section>","protected":false},"excerpt":{"rendered":"<p>[vc_row][vc_column][vc_column_text] Ponencias del d\u00eda 21 de noviembre SESI\u00d3N GENERAL Aspectos cr\u00edticos en la tributaci\u00f3n de la empresa familiar. Para ver la ponencia pincha aqu\u00ed SESI\u00d3N GENERAL 2 Fiscalidad del arrendamiento vacacional: especial referencia a las plataformas de intermediaci\u00f3n. Para ver la ponencia pincha aqu\u00ed SESI\u00d3N GENERAL 3 Incidencia fiscal de las \u00faltimas normas contables publicadas&#8230;<\/p>\n","protected":false},"author":1,"featured_media":0,"parent":0,"menu_order":0,"comment_status":"closed","ping_status":"closed","template":"page-fullcontent.php","meta":{"ngg_post_thumbnail":0,"footnotes":""},"_links":{"self":[{"href":"https:\/\/2019.jornadastributarias.es\/index.php\/wp-json\/wp\/v2\/pages\/4351"}],"collection":[{"href":"https:\/\/2019.jornadastributarias.es\/index.php\/wp-json\/wp\/v2\/pages"}],"about":[{"href":"https:\/\/2019.jornadastributarias.es\/index.php\/wp-json\/wp\/v2\/types\/page"}],"author":[{"embeddable":true,"href":"https:\/\/2019.jornadastributarias.es\/index.php\/wp-json\/wp\/v2\/users\/1"}],"replies":[{"embeddable":true,"href":"https:\/\/2019.jornadastributarias.es\/index.php\/wp-json\/wp\/v2\/comments?post=4351"}],"version-history":[{"count":4,"href":"https:\/\/2019.jornadastributarias.es\/index.php\/wp-json\/wp\/v2\/pages\/4351\/revisions"}],"predecessor-version":[{"id":4509,"href":"https:\/\/2019.jornadastributarias.es\/index.php\/wp-json\/wp\/v2\/pages\/4351\/revisions\/4509"}],"wp:attachment":[{"href":"https:\/\/2019.jornadastributarias.es\/index.php\/wp-json\/wp\/v2\/media?parent=4351"}],"curies":[{"name":"wp","href":"https:\/\/api.w.org\/{rel}","templated":true}]}}