
{"id":4352,"date":"2018-01-03T09:31:02","date_gmt":"2018-01-03T09:31:02","guid":{"rendered":"https:\/\/jornadastributarias.es\/?page_id=4106"},"modified":"2018-01-03T09:31:02","modified_gmt":"2018-01-03T09:31:02","slug":"dia-15-12-2017-manana","status":"publish","type":"page","link":"https:\/\/2019.jornadastributarias.es\/index.php\/dia-15-12-2017-manana\/","title":{"rendered":"D\u00eda 15-12-2017 (ma\u00f1ana)"},"content":{"rendered":"<p>no se han encontrado im\u00e1genes<\/p>\n","protected":false},"excerpt":{"rendered":"no se han encontrado im\u00e1genes","protected":false},"author":1,"featured_media":0,"parent":0,"menu_order":0,"comment_status":"closed","ping_status":"closed","template":"page-fullcontent.php","meta":{"ngg_post_thumbnail":0,"footnotes":""},"_links":{"self":[{"href":"https:\/\/2019.jornadastributarias.es\/index.php\/wp-json\/wp\/v2\/pages\/4352"}],"collection":[{"href":"https:\/\/2019.jornadastributarias.es\/index.php\/wp-json\/wp\/v2\/pages"}],"about":[{"href":"https:\/\/2019.jornadastributarias.es\/index.php\/wp-json\/wp\/v2\/types\/page"}],"author":[{"embeddable":true,"href":"https:\/\/2019.jornadastributarias.es\/index.php\/wp-json\/wp\/v2\/users\/1"}],"replies":[{"embeddable":true,"href":"https:\/\/2019.jornadastributarias.es\/index.php\/wp-json\/wp\/v2\/comments?post=4352"}],"version-history":[{"count":0,"href":"https:\/\/2019.jornadastributarias.es\/index.php\/wp-json\/wp\/v2\/pages\/4352\/revisions"}],"wp:attachment":[{"href":"https:\/\/2019.jornadastributarias.es\/index.php\/wp-json\/wp\/v2\/media?parent=4352"}],"curies":[{"name":"wp","href":"https:\/\/api.w.org\/{rel}","templated":true}]}}